{"id":1393,"date":"2024-02-28T19:53:43","date_gmt":"2024-02-28T18:53:43","guid":{"rendered":"https:\/\/garten-riehen.ch\/?page_id=1393"},"modified":"2025-08-28T09:22:44","modified_gmt":"2025-08-28T08:22:44","slug":"angebot","status":"publish","type":"page","link":"https:\/\/garten-riehen.ch\/","title":{"rendered":"ANGEBOT"},"content":{"rendered":"\t\t<div data-elementor-type=\"wp-page\" data-elementor-id=\"1393\" class=\"elementor elementor-1393\">\n\t\t\t\t<div class=\"elementor-element elementor-element-8e0757f e-flex e-con-boxed e-con e-parent\" data-id=\"8e0757f\" data-element_type=\"container\" data-e-type=\"container\">\n\t\t\t\t\t<div class=\"e-con-inner\">\n\t\t\t\t<div class=\"elementor-element elementor-element-ae2a781 elementor-widget elementor-widget-spacer\" data-id=\"ae2a781\" data-element_type=\"widget\" data-e-type=\"widget\" data-widget_type=\"spacer.default\">\n\t\t\t\t<div class=\"elementor-widget-container\">\n\t\t\t\t\t\t\t<div class=\"elementor-spacer\">\n\t\t\t<div class=\"elementor-spacer-inner\"><\/div>\n\t\t<\/div>\n\t\t\t\t\t\t<\/div>\n\t\t\t\t<\/div>\n\t\t\t\t\t<\/div>\n\t\t\t\t<\/div>\n\t\t<div class=\"elementor-element elementor-element-8cbf273 e-flex e-con-boxed e-con e-parent\" data-id=\"8cbf273\" data-element_type=\"container\" data-e-type=\"container\">\n\t\t\t\t\t<div class=\"e-con-inner\">\n\t\t\t\t<div class=\"elementor-element elementor-element-66f498c elementor-widget elementor-widget-heading\" data-id=\"66f498c\" data-element_type=\"widget\" data-e-type=\"widget\" data-widget_type=\"heading.default\">\n\t\t\t\t<div class=\"elementor-widget-container\">\n\t\t\t\t\t<h2 class=\"elementor-heading-title elementor-size-default\">ANGEBOTEN<\/h2>\t\t\t\t<\/div>\n\t\t\t\t<\/div>\n\t\t\t\t\t<\/div>\n\t\t\t\t<\/div>\n\t\t<div class=\"elementor-element elementor-element-fea1fc4 e-flex e-con-boxed e-con e-parent\" data-id=\"fea1fc4\" data-element_type=\"container\" data-e-type=\"container\">\n\t\t\t\t\t<div class=\"e-con-inner\">\n\t\t\t\t<div class=\"elementor-element elementor-element-61d118c elementor-widget elementor-widget-spacer\" data-id=\"61d118c\" data-element_type=\"widget\" data-e-type=\"widget\" data-widget_type=\"spacer.default\">\n\t\t\t\t<div class=\"elementor-widget-container\">\n\t\t\t\t\t\t\t<div class=\"elementor-spacer\">\n\t\t\t<div class=\"elementor-spacer-inner\"><\/div>\n\t\t<\/div>\n\t\t\t\t\t\t<\/div>\n\t\t\t\t<\/div>\n\t\t\t\t\t<\/div>\n\t\t\t\t<\/div>\n\t\t<div class=\"elementor-element elementor-element-99c7901 e-flex e-con-boxed e-con e-parent\" data-id=\"99c7901\" data-element_type=\"container\" data-e-type=\"container\">\n\t\t\t\t\t<div class=\"e-con-inner\">\n\t\t<div class=\"elementor-element elementor-element-573fb92 e-con-full e-flex e-con e-child\" data-id=\"573fb92\" data-element_type=\"container\" data-e-type=\"container\">\n\t\t\t\t<div class=\"elementor-element elementor-element-a42d796 elementor-widget elementor-widget-heading\" data-id=\"a42d796\" data-element_type=\"widget\" data-e-type=\"widget\" data-widget_type=\"heading.default\">\n\t\t\t\t<div class=\"elementor-widget-container\">\n\t\t\t\t\t<h2 class=\"elementor-heading-title elementor-size-default\">Gartenpflege<\/h2>\t\t\t\t<\/div>\n\t\t\t\t<\/div>\n\t\t\t\t<div class=\"elementor-element elementor-element-5f5c011b elementor-widget elementor-widget-text-editor\" data-id=\"5f5c011b\" data-element_type=\"widget\" data-e-type=\"widget\" data-widget_type=\"text-editor.default\">\n\t\t\t\t<div class=\"elementor-widget-container\">\n\t\t\t\t\t\t\t\t\t<ul><li><p>Baum- und Obstbaumpflege<\/p><\/li><li><p>F\u00e4llungen<\/p><\/li><li><p>Baumschnitt<\/p><\/li><li><p>Bepflanzung<\/p><\/li><li><p>Heckenschnitt<\/p><\/li><li><p>Rasenpflege<\/p><\/li><li><p>Unkraut j\u00e4ten<\/p><\/li><li><p>Strauchschnitt<\/p><\/li><li><p>Feriendienst<\/p><\/li><\/ul>\t\t\t\t\t\t\t\t<\/div>\n\t\t\t\t<\/div>\n\t\t\t\t<\/div>\n\t\t<div class=\"elementor-element elementor-element-e82368a e-con-full e-flex e-con e-child\" data-id=\"e82368a\" data-element_type=\"container\" data-e-type=\"container\">\n\t\t\t\t<div class=\"elementor-element elementor-element-9a1a7a0 elementor-widget elementor-widget-image\" data-id=\"9a1a7a0\" data-element_type=\"widget\" data-e-type=\"widget\" data-widget_type=\"image.default\">\n\t\t\t\t<div class=\"elementor-widget-container\">\n\t\t\t\t\t\t\t\t\t\t\t\t\t\t\t<img fetchpriority=\"high\" decoding=\"async\" width=\"1024\" height=\"768\" src=\"https:\/\/garten-riehen.ch\/wp-content\/uploads\/2024\/03\/9-1024x768.jpg\" class=\"attachment-large size-large wp-image-1766\" alt=\"\" srcset=\"https:\/\/garten-riehen.ch\/wp-content\/uploads\/2024\/03\/9-1024x768.jpg 1024w, https:\/\/garten-riehen.ch\/wp-content\/uploads\/2024\/03\/9-300x225.jpg 300w, https:\/\/garten-riehen.ch\/wp-content\/uploads\/2024\/03\/9-768x576.jpg 768w, https:\/\/garten-riehen.ch\/wp-content\/uploads\/2024\/03\/9.jpg 1200w\" sizes=\"(max-width: 1024px) 100vw, 1024px\" \/>\t\t\t\t\t\t\t\t\t\t\t\t\t\t\t<\/div>\n\t\t\t\t<\/div>\n\t\t\t\t<\/div>\n\t\t\t\t\t<\/div>\n\t\t\t\t<\/div>\n\t\t<div class=\"elementor-element elementor-element-e4ade16 e-flex e-con-boxed e-con e-parent\" data-id=\"e4ade16\" data-element_type=\"container\" data-e-type=\"container\">\n\t\t\t\t\t<div class=\"e-con-inner\">\n\t\t\t\t<div class=\"elementor-element elementor-element-5dde590 elementor-widget elementor-widget-spacer\" data-id=\"5dde590\" data-element_type=\"widget\" data-e-type=\"widget\" data-widget_type=\"spacer.default\">\n\t\t\t\t<div class=\"elementor-widget-container\">\n\t\t\t\t\t\t\t<div class=\"elementor-spacer\">\n\t\t\t<div class=\"elementor-spacer-inner\"><\/div>\n\t\t<\/div>\n\t\t\t\t\t\t<\/div>\n\t\t\t\t<\/div>\n\t\t\t\t\t<\/div>\n\t\t\t\t<\/div>\n\t\t<div class=\"elementor-element elementor-element-0e538b6 e-flex e-con-boxed e-con e-parent\" data-id=\"0e538b6\" data-element_type=\"container\" data-e-type=\"container\">\n\t\t\t\t\t<div class=\"e-con-inner\">\n\t\t\t\t<div class=\"elementor-element elementor-element-6b574ca elementor-widget-divider--view-line elementor-widget elementor-widget-divider\" data-id=\"6b574ca\" data-element_type=\"widget\" data-e-type=\"widget\" data-widget_type=\"divider.default\">\n\t\t\t\t<div class=\"elementor-widget-container\">\n\t\t\t\t\t\t\t<div class=\"elementor-divider\">\n\t\t\t<span class=\"elementor-divider-separator\">\n\t\t\t\t\t\t<\/span>\n\t\t<\/div>\n\t\t\t\t\t\t<\/div>\n\t\t\t\t<\/div>\n\t\t\t\t\t<\/div>\n\t\t\t\t<\/div>\n\t\t<div class=\"elementor-element elementor-element-94ff5b7 e-flex e-con-boxed e-con e-parent\" data-id=\"94ff5b7\" data-element_type=\"container\" data-e-type=\"container\">\n\t\t\t\t\t<div class=\"e-con-inner\">\n\t\t\t\t<div class=\"elementor-element elementor-element-24c462c9 elementor-widget elementor-widget-spacer\" data-id=\"24c462c9\" data-element_type=\"widget\" data-e-type=\"widget\" data-widget_type=\"spacer.default\">\n\t\t\t\t<div class=\"elementor-widget-container\">\n\t\t\t\t\t\t\t<div class=\"elementor-spacer\">\n\t\t\t<div class=\"elementor-spacer-inner\"><\/div>\n\t\t<\/div>\n\t\t\t\t\t\t<\/div>\n\t\t\t\t<\/div>\n\t\t\t\t\t<\/div>\n\t\t\t\t<\/div>\n\t\t<div class=\"elementor-element elementor-element-83be671 e-flex e-con-boxed e-con e-parent\" data-id=\"83be671\" data-element_type=\"container\" data-e-type=\"container\">\n\t\t\t\t\t<div class=\"e-con-inner\">\n\t\t<div class=\"elementor-element elementor-element-a274814 e-con-full e-flex e-con e-child\" data-id=\"a274814\" data-element_type=\"container\" data-e-type=\"container\">\n\t\t\t\t<div class=\"elementor-element elementor-element-62cd2f8 elementor-widget elementor-widget-image\" data-id=\"62cd2f8\" data-element_type=\"widget\" data-e-type=\"widget\" data-widget_type=\"image.default\">\n\t\t\t\t<div class=\"elementor-widget-container\">\n\t\t\t\t\t\t\t\t\t\t\t\t\t\t\t<img decoding=\"async\" width=\"768\" height=\"1024\" src=\"https:\/\/garten-riehen.ch\/wp-content\/uploads\/2024\/03\/2-1-768x1024.jpg\" class=\"attachment-medium_large size-medium_large wp-image-1794\" alt=\"\" srcset=\"https:\/\/garten-riehen.ch\/wp-content\/uploads\/2024\/03\/2-1-768x1024.jpg 768w, https:\/\/garten-riehen.ch\/wp-content\/uploads\/2024\/03\/2-1-225x300.jpg 225w, https:\/\/garten-riehen.ch\/wp-content\/uploads\/2024\/03\/2-1.jpg 900w\" sizes=\"(max-width: 768px) 100vw, 768px\" \/>\t\t\t\t\t\t\t\t\t\t\t\t\t\t\t<\/div>\n\t\t\t\t<\/div>\n\t\t\t\t<\/div>\n\t\t<div class=\"elementor-element elementor-element-9cb12f6 e-con-full e-flex e-con e-child\" data-id=\"9cb12f6\" data-element_type=\"container\" data-e-type=\"container\">\n\t\t\t\t<div class=\"elementor-element elementor-element-2c5524b4 elementor-widget elementor-widget-heading\" data-id=\"2c5524b4\" data-element_type=\"widget\" data-e-type=\"widget\" data-widget_type=\"heading.default\">\n\t\t\t\t<div class=\"elementor-widget-container\">\n\t\t\t\t\t<h2 class=\"elementor-heading-title elementor-size-default\">Gartenbau <\/h2>\t\t\t\t<\/div>\n\t\t\t\t<\/div>\n\t\t\t\t<div class=\"elementor-element elementor-element-8b2509d elementor-widget__width-initial elementor-widget elementor-widget-text-editor\" data-id=\"8b2509d\" data-element_type=\"widget\" data-e-type=\"widget\" data-widget_type=\"text-editor.default\">\n\t\t\t\t<div class=\"elementor-widget-container\">\n\t\t\t\t\t\t\t\t\t<ul><li>Bepflanzung<\/li><li>Terrassenbauen<\/li><li>Plattenlegen<\/li><li>Rollrasen<\/li><li>Gartenplanung<\/li><li>Treppenbau<\/li><li>Zaunbau<\/li><li>Sitzplatzbau<\/li><li>Wasserbau<\/li><\/ul>\t\t\t\t\t\t\t\t<\/div>\n\t\t\t\t<\/div>\n\t\t\t\t<\/div>\n\t\t\t\t\t<\/div>\n\t\t\t\t<\/div>\n\t\t<div class=\"elementor-element elementor-element-10b33fa3 e-flex e-con-boxed e-con e-parent\" data-id=\"10b33fa3\" data-element_type=\"container\" data-e-type=\"container\">\n\t\t\t\t\t<div class=\"e-con-inner\">\n\t\t\t\t<div class=\"elementor-element elementor-element-229ed3d elementor-widget elementor-widget-spacer\" data-id=\"229ed3d\" data-element_type=\"widget\" data-e-type=\"widget\" data-widget_type=\"spacer.default\">\n\t\t\t\t<div class=\"elementor-widget-container\">\n\t\t\t\t\t\t\t<div class=\"elementor-spacer\">\n\t\t\t<div class=\"elementor-spacer-inner\"><\/div>\n\t\t<\/div>\n\t\t\t\t\t\t<\/div>\n\t\t\t\t<\/div>\n\t\t\t\t\t<\/div>\n\t\t\t\t<\/div>\n\t\t<div class=\"elementor-element elementor-element-14986f9 e-flex e-con-boxed e-con e-parent\" data-id=\"14986f9\" data-element_type=\"container\" data-e-type=\"container\">\n\t\t\t\t\t<div class=\"e-con-inner\">\n\t\t\t\t<div class=\"elementor-element elementor-element-a2e0ec0 elementor-widget-divider--view-line elementor-widget elementor-widget-divider\" data-id=\"a2e0ec0\" data-element_type=\"widget\" data-e-type=\"widget\" data-widget_type=\"divider.default\">\n\t\t\t\t<div class=\"elementor-widget-container\">\n\t\t\t\t\t\t\t<div class=\"elementor-divider\">\n\t\t\t<span class=\"elementor-divider-separator\">\n\t\t\t\t\t\t<\/span>\n\t\t<\/div>\n\t\t\t\t\t\t<\/div>\n\t\t\t\t<\/div>\n\t\t\t\t\t<\/div>\n\t\t\t\t<\/div>\n\t\t<div class=\"elementor-element elementor-element-727bd5f e-flex e-con-boxed e-con e-parent\" data-id=\"727bd5f\" data-element_type=\"container\" data-e-type=\"container\">\n\t\t\t\t\t<div class=\"e-con-inner\">\n\t\t\t\t<div class=\"elementor-element elementor-element-67c53a0 elementor-widget elementor-widget-spacer\" data-id=\"67c53a0\" data-element_type=\"widget\" data-e-type=\"widget\" data-widget_type=\"spacer.default\">\n\t\t\t\t<div class=\"elementor-widget-container\">\n\t\t\t\t\t\t\t<div class=\"elementor-spacer\">\n\t\t\t<div class=\"elementor-spacer-inner\"><\/div>\n\t\t<\/div>\n\t\t\t\t\t\t<\/div>\n\t\t\t\t<\/div>\n\t\t\t\t\t<\/div>\n\t\t\t\t<\/div>\n\t\t<div class=\"elementor-element elementor-element-0822e4e e-flex e-con-boxed e-con e-parent\" data-id=\"0822e4e\" data-element_type=\"container\" data-e-type=\"container\">\n\t\t\t\t\t<div class=\"e-con-inner\">\n\t\t<div class=\"elementor-element elementor-element-aed0dc8 e-con-full e-flex e-con e-child\" data-id=\"aed0dc8\" data-element_type=\"container\" data-e-type=\"container\">\n\t\t\t\t<div class=\"elementor-element elementor-element-f396fb1 elementor-widget elementor-widget-heading\" data-id=\"f396fb1\" data-element_type=\"widget\" data-e-type=\"widget\" data-widget_type=\"heading.default\">\n\t\t\t\t<div class=\"elementor-widget-container\">\n\t\t\t\t\t<h2 class=\"elementor-heading-title elementor-size-default\">Hauswartung &amp; Geb\u00e4udereinigung<\/h2>\t\t\t\t<\/div>\n\t\t\t\t<\/div>\n\t\t\t\t<div class=\"elementor-element elementor-element-34dfde29 elementor-widget elementor-widget-text-editor\" data-id=\"34dfde29\" data-element_type=\"widget\" data-e-type=\"widget\" data-widget_type=\"text-editor.default\">\n\t\t\t\t<div class=\"elementor-widget-container\">\n\t\t\t\t\t\t\t\t\t<ul><li>Geb\u00e4udereinigung<\/li><li>Staubsaugen<\/li><li>Fenster und Glas putzen<\/li><li>Hofreinigung (Laubrechen)<\/li><li>das Gras bew\u00e4ssern<\/li><li>Winterdienst<\/li><\/ul>\t\t\t\t\t\t\t\t<\/div>\n\t\t\t\t<\/div>\n\t\t\t\t<\/div>\n\t\t<div class=\"elementor-element elementor-element-17b13b9 e-con-full e-flex e-con e-child\" data-id=\"17b13b9\" data-element_type=\"container\" data-e-type=\"container\">\n\t\t\t\t<div class=\"elementor-element elementor-element-90defc6 elementor-widget elementor-widget-image\" data-id=\"90defc6\" data-element_type=\"widget\" data-e-type=\"widget\" data-widget_type=\"image.default\">\n\t\t\t\t<div class=\"elementor-widget-container\">\n\t\t\t\t\t\t\t\t\t\t\t\t\t\t\t<img decoding=\"async\" width=\"768\" height=\"1024\" src=\"https:\/\/garten-riehen.ch\/wp-content\/uploads\/2024\/03\/3-1-768x1024.jpg\" class=\"attachment-large size-large wp-image-1790\" alt=\"\" srcset=\"https:\/\/garten-riehen.ch\/wp-content\/uploads\/2024\/03\/3-1-768x1024.jpg 768w, https:\/\/garten-riehen.ch\/wp-content\/uploads\/2024\/03\/3-1-225x300.jpg 225w, https:\/\/garten-riehen.ch\/wp-content\/uploads\/2024\/03\/3-1.jpg 900w\" sizes=\"(max-width: 768px) 100vw, 768px\" \/>\t\t\t\t\t\t\t\t\t\t\t\t\t\t\t<\/div>\n\t\t\t\t<\/div>\n\t\t\t\t<\/div>\n\t\t\t\t\t<\/div>\n\t\t\t\t<\/div>\n\t\t<div class=\"elementor-element elementor-element-4a917f8 e-flex e-con-boxed e-con e-parent\" data-id=\"4a917f8\" data-element_type=\"container\" data-e-type=\"container\">\n\t\t\t\t\t<div class=\"e-con-inner\">\n\t\t\t\t<div class=\"elementor-element elementor-element-13d0b8a elementor-widget elementor-widget-spacer\" data-id=\"13d0b8a\" data-element_type=\"widget\" data-e-type=\"widget\" data-widget_type=\"spacer.default\">\n\t\t\t\t<div class=\"elementor-widget-container\">\n\t\t\t\t\t\t\t<div class=\"elementor-spacer\">\n\t\t\t<div class=\"elementor-spacer-inner\"><\/div>\n\t\t<\/div>\n\t\t\t\t\t\t<\/div>\n\t\t\t\t<\/div>\n\t\t\t\t\t<\/div>\n\t\t\t\t<\/div>\n\t\t<div class=\"elementor-element elementor-element-b80e733 e-flex e-con-boxed e-con e-parent\" data-id=\"b80e733\" data-element_type=\"container\" data-e-type=\"container\">\n\t\t\t\t\t<div class=\"e-con-inner\">\n\t\t\t\t<div class=\"elementor-element elementor-element-128e484 elementor-mobile-align-center elementor-align-center elementor-widget elementor-widget-button\" data-id=\"128e484\" data-element_type=\"widget\" data-e-type=\"widget\" data-widget_type=\"button.default\">\n\t\t\t\t<div class=\"elementor-widget-container\">\n\t\t\t\t\t\t\t\t\t<div class=\"elementor-button-wrapper\">\n\t\t\t\t\t<a class=\"elementor-button elementor-button-link elementor-size-sm\" href=\"https:\/\/garten-riehen.ch\/?page_id=21\">\n\t\t\t\t\t\t<span class=\"elementor-button-content-wrapper\">\n\t\t\t\t\t\t\t\t\t<span class=\"elementor-button-text\">Kontakt<\/span>\n\t\t\t\t\t<\/span>\n\t\t\t\t\t<\/a>\n\t\t\t\t<\/div>\n\t\t\t\t\t\t\t\t<\/div>\n\t\t\t\t<\/div>\n\t\t\t\t\t<\/div>\n\t\t\t\t<\/div>\n\t\t<div class=\"elementor-element elementor-element-a1c9cc6 e-flex e-con-boxed e-con e-parent\" data-id=\"a1c9cc6\" data-element_type=\"container\" data-e-type=\"container\">\n\t\t\t\t\t<div class=\"e-con-inner\">\n\t\t\t\t<div class=\"elementor-element elementor-element-4cc8c855 elementor-widget elementor-widget-spacer\" data-id=\"4cc8c855\" data-element_type=\"widget\" data-e-type=\"widget\" data-widget_type=\"spacer.default\">\n\t\t\t\t<div class=\"elementor-widget-container\">\n\t\t\t\t\t\t\t<div class=\"elementor-spacer\">\n\t\t\t<div class=\"elementor-spacer-inner\"><\/div>\n\t\t<\/div>\n\t\t\t\t\t\t<\/div>\n\t\t\t\t<\/div>\n\t\t\t\t\t<\/div>\n\t\t\t\t<\/div>\n\t\t\t\t<\/div>\n\t\t","protected":false},"excerpt":{"rendered":"<p>ANGEBOTEN Gartenpflege Baum- und Obstbaumpflege F\u00e4llungen Baumschnitt Bepflanzung Heckenschnitt Rasenpflege Unkraut j\u00e4ten Strauchschnitt Feriendienst Gartenbau Bepflanzung Terrassenbauen Plattenlegen Rollrasen Gartenplanung Treppenbau Zaunbau Sitzplatzbau Wasserbau Hauswartung &amp; Geb\u00e4udereinigung Geb\u00e4udereinigung Staubsaugen Fenster und Glas putzen Hofreinigung (Laubrechen) das Gras bew\u00e4ssern Winterdienst Kontakt<\/p>\n","protected":false},"author":1,"featured_media":0,"parent":0,"menu_order":0,"comment_status":"closed","ping_status":"closed","template":"","meta":{"_kadence_starter_templates_imported_post":false,"_kad_post_transparent":"","_kad_post_title":"hide","_kad_post_layout":"fullwidth","_kad_post_sidebar_id":"","_kad_post_content_style":"unboxed","_kad_post_vertical_padding":"hide","_kad_post_feature":"hide","_kad_post_feature_position":"","_kad_post_header":false,"_kad_post_footer":false,"_kad_post_classname":"","footnotes":""},"class_list":["post-1393","page","type-page","status-publish","hentry"],"yoast_head":"<!-- This site is optimized with the Yoast SEO plugin v26.9 - https:\/\/yoast.com\/product\/yoast-seo-wordpress\/ -->\n<title>ANGEBOT - Gartenpflege g&uuml;nstig und zuverl&auml;ssig<\/title>\n<meta name=\"description\" content=\"ANGEBOT Gartenpflege g&uuml;nstig und zuverl&auml;ssig % %\" \/>\n<meta name=\"robots\" content=\"index, follow, max-snippet:-1, max-image-preview:large, max-video-preview:-1\" \/>\n<link rel=\"canonical\" href=\"https:\/\/garten-riehen.ch\/\" \/>\n<meta property=\"og:locale\" content=\"pl_PL\" \/>\n<meta property=\"og:type\" content=\"article\" \/>\n<meta property=\"og:title\" content=\"ANGEBOT - Gartenpflege g&uuml;nstig und zuverl&auml;ssig\" \/>\n<meta property=\"og:description\" content=\"ANGEBOT Gartenpflege g&uuml;nstig und zuverl&auml;ssig % %\" \/>\n<meta property=\"og:url\" content=\"https:\/\/garten-riehen.ch\/\" \/>\n<meta property=\"og:site_name\" content=\"Gartenpflege g&uuml;nstig und zuverl&auml;ssig\" \/>\n<meta property=\"article:modified_time\" content=\"2025-08-28T08:22:44+00:00\" \/>\n<meta property=\"og:image\" content=\"https:\/\/garten-riehen.ch\/wp-content\/uploads\/2024\/03\/9.jpg\" \/>\n\t<meta property=\"og:image:width\" content=\"1200\" \/>\n\t<meta property=\"og:image:height\" content=\"900\" \/>\n\t<meta property=\"og:image:type\" content=\"image\/jpeg\" \/>\n<meta name=\"twitter:card\" content=\"summary_large_image\" \/>\n<meta name=\"twitter:label1\" content=\"Szacowany czas czytania\" \/>\n\t<meta name=\"twitter:data1\" content=\"1 minuta\" \/>\n<script type=\"application\/ld+json\" class=\"yoast-schema-graph\">{\"@context\":\"https:\/\/schema.org\",\"@graph\":[{\"@type\":\"WebPage\",\"@id\":\"https:\/\/garten-riehen.ch\/\",\"url\":\"https:\/\/garten-riehen.ch\/\",\"name\":\"ANGEBOT - Gartenpflege g&uuml;nstig und zuverl&auml;ssig\",\"isPartOf\":{\"@id\":\"https:\/\/garten-riehen.ch\/#website\"},\"primaryImageOfPage\":{\"@id\":\"https:\/\/garten-riehen.ch\/#primaryimage\"},\"image\":{\"@id\":\"https:\/\/garten-riehen.ch\/#primaryimage\"},\"thumbnailUrl\":\"https:\/\/garten-riehen.ch\/wp-content\/uploads\/2024\/03\/9-1024x768.jpg\",\"datePublished\":\"2024-02-28T18:53:43+00:00\",\"dateModified\":\"2025-08-28T08:22:44+00:00\",\"description\":\"ANGEBOT Gartenpflege g&uuml;nstig und zuverl&auml;ssig % %\",\"breadcrumb\":{\"@id\":\"https:\/\/garten-riehen.ch\/#breadcrumb\"},\"inLanguage\":\"pl-PL\",\"potentialAction\":[{\"@type\":\"ReadAction\",\"target\":[\"https:\/\/garten-riehen.ch\/\"]}]},{\"@type\":\"ImageObject\",\"inLanguage\":\"pl-PL\",\"@id\":\"https:\/\/garten-riehen.ch\/#primaryimage\",\"url\":\"https:\/\/garten-riehen.ch\/wp-content\/uploads\/2024\/03\/9.jpg\",\"contentUrl\":\"https:\/\/garten-riehen.ch\/wp-content\/uploads\/2024\/03\/9.jpg\",\"width\":1200,\"height\":900},{\"@type\":\"BreadcrumbList\",\"@id\":\"https:\/\/garten-riehen.ch\/#breadcrumb\",\"itemListElement\":[{\"@type\":\"ListItem\",\"position\":1,\"name\":\"Strona g\u0142\u00f3wna\",\"item\":\"https:\/\/garten-riehen.ch\/\"},{\"@type\":\"ListItem\",\"position\":2,\"name\":\"ANGEBOT\"}]},{\"@type\":\"WebSite\",\"@id\":\"https:\/\/garten-riehen.ch\/#website\",\"url\":\"https:\/\/garten-riehen.ch\/\",\"name\":\"Gartenpflege g\u00fcnstig und zuverl\u00e4ssig\",\"description\":\"\",\"alternateName\":\"Gartenarbeit\",\"potentialAction\":[{\"@type\":\"SearchAction\",\"target\":{\"@type\":\"EntryPoint\",\"urlTemplate\":\"https:\/\/garten-riehen.ch\/?s={search_term_string}\"},\"query-input\":{\"@type\":\"PropertyValueSpecification\",\"valueRequired\":true,\"valueName\":\"search_term_string\"}}],\"inLanguage\":\"pl-PL\"}]}<\/script>\n<!-- \/ Yoast SEO plugin. -->","yoast_head_json":{"title":"ANGEBOT - Gartenpflege g&uuml;nstig und zuverl&auml;ssig","description":"ANGEBOT Gartenpflege g&uuml;nstig und zuverl&auml;ssig % %","robots":{"index":"index","follow":"follow","max-snippet":"max-snippet:-1","max-image-preview":"max-image-preview:large","max-video-preview":"max-video-preview:-1"},"canonical":"https:\/\/garten-riehen.ch\/","og_locale":"pl_PL","og_type":"article","og_title":"ANGEBOT - Gartenpflege g&uuml;nstig und zuverl&auml;ssig","og_description":"ANGEBOT Gartenpflege g&uuml;nstig und zuverl&auml;ssig % %","og_url":"https:\/\/garten-riehen.ch\/","og_site_name":"Gartenpflege g&uuml;nstig und zuverl&auml;ssig","article_modified_time":"2025-08-28T08:22:44+00:00","og_image":[{"width":1200,"height":900,"url":"https:\/\/garten-riehen.ch\/wp-content\/uploads\/2024\/03\/9.jpg","type":"image\/jpeg"}],"twitter_card":"summary_large_image","twitter_misc":{"Szacowany czas czytania":"1 minuta"},"schema":{"@context":"https:\/\/schema.org","@graph":[{"@type":"WebPage","@id":"https:\/\/garten-riehen.ch\/","url":"https:\/\/garten-riehen.ch\/","name":"ANGEBOT - Gartenpflege g&uuml;nstig und zuverl&auml;ssig","isPartOf":{"@id":"https:\/\/garten-riehen.ch\/#website"},"primaryImageOfPage":{"@id":"https:\/\/garten-riehen.ch\/#primaryimage"},"image":{"@id":"https:\/\/garten-riehen.ch\/#primaryimage"},"thumbnailUrl":"https:\/\/garten-riehen.ch\/wp-content\/uploads\/2024\/03\/9-1024x768.jpg","datePublished":"2024-02-28T18:53:43+00:00","dateModified":"2025-08-28T08:22:44+00:00","description":"ANGEBOT Gartenpflege g&uuml;nstig und zuverl&auml;ssig % %","breadcrumb":{"@id":"https:\/\/garten-riehen.ch\/#breadcrumb"},"inLanguage":"pl-PL","potentialAction":[{"@type":"ReadAction","target":["https:\/\/garten-riehen.ch\/"]}]},{"@type":"ImageObject","inLanguage":"pl-PL","@id":"https:\/\/garten-riehen.ch\/#primaryimage","url":"https:\/\/garten-riehen.ch\/wp-content\/uploads\/2024\/03\/9.jpg","contentUrl":"https:\/\/garten-riehen.ch\/wp-content\/uploads\/2024\/03\/9.jpg","width":1200,"height":900},{"@type":"BreadcrumbList","@id":"https:\/\/garten-riehen.ch\/#breadcrumb","itemListElement":[{"@type":"ListItem","position":1,"name":"Strona g\u0142\u00f3wna","item":"https:\/\/garten-riehen.ch\/"},{"@type":"ListItem","position":2,"name":"ANGEBOT"}]},{"@type":"WebSite","@id":"https:\/\/garten-riehen.ch\/#website","url":"https:\/\/garten-riehen.ch\/","name":"Gartenpflege g\u00fcnstig und zuverl\u00e4ssig","description":"","alternateName":"Gartenarbeit","potentialAction":[{"@type":"SearchAction","target":{"@type":"EntryPoint","urlTemplate":"https:\/\/garten-riehen.ch\/?s={search_term_string}"},"query-input":{"@type":"PropertyValueSpecification","valueRequired":true,"valueName":"search_term_string"}}],"inLanguage":"pl-PL"}]}},"_links":{"self":[{"href":"https:\/\/garten-riehen.ch\/index.php?rest_route=\/wp\/v2\/pages\/1393","targetHints":{"allow":["GET"]}}],"collection":[{"href":"https:\/\/garten-riehen.ch\/index.php?rest_route=\/wp\/v2\/pages"}],"about":[{"href":"https:\/\/garten-riehen.ch\/index.php?rest_route=\/wp\/v2\/types\/page"}],"author":[{"embeddable":true,"href":"https:\/\/garten-riehen.ch\/index.php?rest_route=\/wp\/v2\/users\/1"}],"replies":[{"embeddable":true,"href":"https:\/\/garten-riehen.ch\/index.php?rest_route=%2Fwp%2Fv2%2Fcomments&post=1393"}],"version-history":[{"count":310,"href":"https:\/\/garten-riehen.ch\/index.php?rest_route=\/wp\/v2\/pages\/1393\/revisions"}],"predecessor-version":[{"id":2325,"href":"https:\/\/garten-riehen.ch\/index.php?rest_route=\/wp\/v2\/pages\/1393\/revisions\/2325"}],"wp:attachment":[{"href":"https:\/\/garten-riehen.ch\/index.php?rest_route=%2Fwp%2Fv2%2Fmedia&parent=1393"}],"curies":[{"name":"wp","href":"https:\/\/api.w.org\/{rel}","templated":true}]}}